{"id":4655,"date":"2022-11-17T11:03:19","date_gmt":"2022-11-17T10:03:19","guid":{"rendered":"https:\/\/kayu-creation.com\/?post_type=product&#038;p=4655"},"modified":"2023-07-14T10:59:04","modified_gmt":"2023-07-14T08:59:04","slug":"coussin-de-sol-pgm32","status":"publish","type":"product","link":"https:\/\/kayu-creation.com\/fr\/kayu-shop\/coussin-de-sol-pgm32\/","title":{"rendered":"Coussin de sol"},"content":{"rendered":"<p>Dimensions : L 60cm, H 31 cm, l 37 cm<br \/>\nPoids : 8 Kg<br \/>\nMati\u00e8res : Laine et Soie<br \/>\nGarnissage : Balle d&rsquo;\u00e9peautre<\/p>\n<p>V\u00e9ritable trompe l&rsquo;oeil et objet unique, les galets servent d&rsquo;assise, de coussin et d&rsquo;objet de d\u00e9coration.<span class=\"Apple-converted-space\">\u00a0<\/span><\/p>\n<p>L\u2019effet min\u00e9ral de la collection Pierre enrichit chaque int\u00e9rieur et se marie \u00e0 tous les styles.<\/p>\n<p>Nous utilisons toute une gamme de gris chin\u00e9 pour mettre en relief les nervures de soies.<span class=\"Apple-converted-space\">\u00a0<\/span>Cumulables \u00e0 souhait pour un effet spectaculaire.<\/p>\n","protected":false},"excerpt":{"rendered":"<p>R\u00e9f. Pgm 32<\/p>\n","protected":false},"featured_media":4661,"template":"","meta":{"_monsterinsights_skip_tracking":false,"_monsterinsights_sitenote_active":false,"_monsterinsights_sitenote_note":"","_monsterinsights_sitenote_category":0},"product_cat":[111],"product_tag":[],"_links":{"self":[{"href":"https:\/\/kayu-creation.com\/fr\/wp-json\/wp\/v2\/product\/4655"}],"collection":[{"href":"https:\/\/kayu-creation.com\/fr\/wp-json\/wp\/v2\/product"}],"about":[{"href":"https:\/\/kayu-creation.com\/fr\/wp-json\/wp\/v2\/types\/product"}],"wp:featuredmedia":[{"embeddable":true,"href":"https:\/\/kayu-creation.com\/fr\/wp-json\/wp\/v2\/media\/4661"}],"wp:attachment":[{"href":"https:\/\/kayu-creation.com\/fr\/wp-json\/wp\/v2\/media?parent=4655"}],"wp:term":[{"taxonomy":"product_cat","embeddable":true,"href":"https:\/\/kayu-creation.com\/fr\/wp-json\/wp\/v2\/product_cat?post=4655"},{"taxonomy":"product_tag","embeddable":true,"href":"https:\/\/kayu-creation.com\/fr\/wp-json\/wp\/v2\/product_tag?post=4655"}],"curies":[{"name":"wp","href":"https:\/\/api.w.org\/{rel}","templated":true}]}}