{"id":4303,"date":"2022-08-04T17:52:47","date_gmt":"2022-08-04T15:52:47","guid":{"rendered":"https:\/\/kayu-creation.com\/?post_type=product&#038;p=4303"},"modified":"2023-07-14T19:02:51","modified_gmt":"2023-07-14T17:02:51","slug":"coussin-de-sol-p3g23","status":"publish","type":"product","link":"https:\/\/kayu-creation.com\/fr\/kayu-shop\/coussin-de-sol-p3g23\/","title":{"rendered":"Coussin de sol"},"content":{"rendered":"<p>Dimensions : L 40 cm, H 31 cm, l 41cm<br \/>\nPoids : 5 Kg<br \/>\nMati\u00e8res : Laine et Soie<br \/>\nGarnissage : Balle d&rsquo;\u00e9peautre.<\/p>\n<p>V\u00e9ritable trompe l&rsquo;oeil et objet unique, les galets servent d&rsquo;assise, de coussin et d&rsquo;objet de d\u00e9coration.<span class=\"Apple-converted-space\">\u00a0<\/span><\/p>\n<p>L\u2019effet min\u00e9ral de la collection Pierre enrichit chaque int\u00e9rieur et se marie \u00e0 tous les styles.<\/p>\n<p>Nous utilisons toute une gamme de gris chin\u00e9 pour mettre en relief les nervures de soies.<span class=\"Apple-converted-space\">\u00a0<\/span>Cumulables \u00e0 souhait pour un effet spectaculaire.<\/p>\n","protected":false},"excerpt":{"rendered":"<p>R\u00e9f. P3g 23<\/p>\n","protected":false},"featured_media":4580,"template":"","meta":{"_monsterinsights_skip_tracking":false,"_monsterinsights_sitenote_active":false,"_monsterinsights_sitenote_note":"","_monsterinsights_sitenote_category":0},"product_cat":[111],"product_tag":[],"_links":{"self":[{"href":"https:\/\/kayu-creation.com\/fr\/wp-json\/wp\/v2\/product\/4303"}],"collection":[{"href":"https:\/\/kayu-creation.com\/fr\/wp-json\/wp\/v2\/product"}],"about":[{"href":"https:\/\/kayu-creation.com\/fr\/wp-json\/wp\/v2\/types\/product"}],"wp:featuredmedia":[{"embeddable":true,"href":"https:\/\/kayu-creation.com\/fr\/wp-json\/wp\/v2\/media\/4580"}],"wp:attachment":[{"href":"https:\/\/kayu-creation.com\/fr\/wp-json\/wp\/v2\/media?parent=4303"}],"wp:term":[{"taxonomy":"product_cat","embeddable":true,"href":"https:\/\/kayu-creation.com\/fr\/wp-json\/wp\/v2\/product_cat?post=4303"},{"taxonomy":"product_tag","embeddable":true,"href":"https:\/\/kayu-creation.com\/fr\/wp-json\/wp\/v2\/product_tag?post=4303"}],"curies":[{"name":"wp","href":"https:\/\/api.w.org\/{rel}","templated":true}]}}