{"id":4125,"date":"2022-02-14T15:03:28","date_gmt":"2022-02-14T14:03:28","guid":{"rendered":"https:\/\/kayu-creation.com\/?post_type=product&#038;p=4125"},"modified":"2023-07-18T11:43:31","modified_gmt":"2023-07-18T09:43:31","slug":"coussin-de-sol-en-laine-feutree-collection-atlantique","status":"publish","type":"product","link":"https:\/\/kayu-creation.com\/fr\/kayu-shop\/coussin-de-sol-en-laine-feutree-collection-atlantique\/","title":{"rendered":"Coussin de sol"},"content":{"rendered":"<p>Dimensions : L 55 cm, H 34 cm, l 47 cm<\/p>\n<p>Poids : 10 Kg<br \/>\nMati\u00e8res : Laine et Soie<br \/>\nGarnissage : Balle d&rsquo;\u00e9peautre<\/p>\n<p>&nbsp;<\/p>\n<p>V\u00e9ritable trompe l&rsquo;oeil et objet unique, les galets servent d&rsquo;assise, de coussin et d&rsquo;objet de d\u00e9coration.<span class=\"Apple-converted-space\">\u00a0<\/span><\/p>\n<p>Les couleurs de l\u2019oc\u00e9an sont d\u2019infinies inspirations. Ces galets comme form\u00e9s par le mouvement des eaux apportent une note de couleur, qui se marient merveilleusement \u00e0 tous les mat\u00e9riaux naturels.<span class=\"Apple-converted-space\">\u00a0<\/span><\/p>\n","protected":false},"excerpt":{"rendered":"<p>R\u00e9f. AT 40<\/p>\n","protected":false},"featured_media":5083,"template":"","meta":{"_monsterinsights_skip_tracking":false,"_monsterinsights_sitenote_active":false,"_monsterinsights_sitenote_note":"","_monsterinsights_sitenote_category":0},"product_cat":[112],"product_tag":[],"_links":{"self":[{"href":"https:\/\/kayu-creation.com\/fr\/wp-json\/wp\/v2\/product\/4125"}],"collection":[{"href":"https:\/\/kayu-creation.com\/fr\/wp-json\/wp\/v2\/product"}],"about":[{"href":"https:\/\/kayu-creation.com\/fr\/wp-json\/wp\/v2\/types\/product"}],"wp:featuredmedia":[{"embeddable":true,"href":"https:\/\/kayu-creation.com\/fr\/wp-json\/wp\/v2\/media\/5083"}],"wp:attachment":[{"href":"https:\/\/kayu-creation.com\/fr\/wp-json\/wp\/v2\/media?parent=4125"}],"wp:term":[{"taxonomy":"product_cat","embeddable":true,"href":"https:\/\/kayu-creation.com\/fr\/wp-json\/wp\/v2\/product_cat?post=4125"},{"taxonomy":"product_tag","embeddable":true,"href":"https:\/\/kayu-creation.com\/fr\/wp-json\/wp\/v2\/product_tag?post=4125"}],"curies":[{"name":"wp","href":"https:\/\/api.w.org\/{rel}","templated":true}]}}