{"id":940,"date":"2020-09-08T09:52:19","date_gmt":"2020-09-08T07:52:19","guid":{"rendered":"https:\/\/kayu-creation.com\/?page_id=940"},"modified":"2023-07-17T14:09:56","modified_gmt":"2023-07-17T12:09:56","slug":"shop","status":"publish","type":"page","link":"https:\/\/kayu-creation.com\/fr\/shop\/","title":{"rendered":"Catalogue"},"content":{"rendered":"<div class=\"wpb-content-wrapper\"><p>[vc_row full_width=\u00a0\u00bbstretch_row\u00a0\u00bb css=\u00a0\u00bb.vc_custom_1688287563348{padding-top: 200px !important;padding-bottom: 100px !important;background-image: url(https:\/\/kayu-creation.com\/wp-content\/uploads\/2021\/03\/Asset-1-100.jpg?id=3146) !important;background-position: center !important;background-repeat: no-repeat !important;background-size: cover !important;}\u00a0\u00bb][vc_column][vc_column_text]<\/p>\n<h1 style=\"text-align: center;\">D\u00e9couvrez nos gammes de produits<\/h1>\n<p>[\/vc_column_text][vc_column_text]<\/p>\n<p style=\"text-align: center;\">D\u00e9couvrez et faites votre choix parmi les diff\u00e9rentes collections.<br \/>\nJe vous invite \u00e0 me contacter pour passer commande de votre pi\u00e8ce unique r\u00e9alis\u00e9e artisanalement.<br \/>\nVoici les cr\u00e9ations, laissez vous inspirer.<\/p>\n<p>[\/vc_column_text][vc_btn title=\u00a0\u00bbEntrer en contact avec la cr\u00e9atrice\u00a0\u00bb style=\u00a0\u00bboutline\u00a0\u00bb shape=\u00a0\u00bbsquare\u00a0\u00bb color=\u00a0\u00bbinverse\u00a0\u00bb align=\u00a0\u00bbcenter\u00a0\u00bb link=\u00a0\u00bburl:https%3A%2F%2Fkayu-creation.wpmudev.host%2Ffr%2Fcontact%2F|title:Contact\u00a0\u00bb css=\u00a0\u00bb.vc_custom_1688287408375{border-radius: 1px !important;}\u00a0\u00bb][\/vc_column][\/vc_row][vc_row css=\u00a0\u00bb.vc_custom_1599555503455{padding-top: 50px !important;}\u00a0\u00bb][vc_column width=\u00a0\u00bb1\/4&Prime;][vc_single_image image=\u00a0\u00bb2985&Prime; img_size=\u00a0\u00bbfull\u00a0\u00bb onclick=\u00a0\u00bbcustom_link\u00a0\u00bb link=\u00a0\u00bb\/fr\/categorie-produit\/pierre\/\u00a0\u00bb css=\u00a0\u00bb.vc_custom_1616578061299{margin-bottom: 15px !important;}\u00a0\u00bb][vc_column_text]<\/p>\n<h5 style=\"text-align: center;\"><a href=\"\/fr\/categorie-produit\/pierre\/\">Pierre<\/a><\/h5>\n<p>[\/vc_column_text][\/vc_column][vc_column width=\u00a0\u00bb1\/4&Prime;][vc_single_image image=\u00a0\u00bb4930&Prime; img_size=\u00a0\u00bbfull\u00a0\u00bb onclick=\u00a0\u00bbcustom_link\u00a0\u00bb link=\u00a0\u00bb\/fr\/categorie-produit\/atlantique\/\u00a0\u00bb css=\u00a0\u00bb.vc_custom_1689242424550{margin-bottom: 15px !important;}\u00a0\u00bb][vc_column_text]<\/p>\n<h5 style=\"text-align: center;\"><a href=\"\/fr\/categorie-produit\/atlantique\/\">Atlantique<\/a><\/h5>\n<p>[\/vc_column_text][\/vc_column][vc_column width=\u00a0\u00bb1\/4&Prime;][vc_single_image image=\u00a0\u00bb5190&Prime; img_size=\u00a0\u00bbfull\u00a0\u00bb onclick=\u00a0\u00bbcustom_link\u00a0\u00bb link=\u00a0\u00bb\/fr\/categorie-produit\/ardoise\/\u00a0\u00bb css=\u00a0\u00bb.vc_custom_1689595793233{margin-bottom: 15px !important;}\u00a0\u00bb][vc_column_text]<\/p>\n<h5 style=\"text-align: center;\"><a href=\"\/fr\/categorie-produit\/ardoise\/\">Ardoise<\/a><\/h5>\n<p>[\/vc_column_text][\/vc_column][vc_column width=\u00a0\u00bb1\/4&Prime;][vc_single_image image=\u00a0\u00bb4445&Prime; img_size=\u00a0\u00bbfull\u00a0\u00bb onclick=\u00a0\u00bbcustom_link\u00a0\u00bb link=\u00a0\u00bb\/fr\/categorie-produit\/agate\/\u00a0\u00bb css=\u00a0\u00bb.vc_custom_1665071715481{margin-bottom: 15px !important;}\u00a0\u00bb][vc_column_text]<\/p>\n<h5 style=\"text-align: center;\"><a href=\"\/fr\/categorie-produit\/agate\/\">Agate<\/a><\/h5>\n<p>[\/vc_column_text][\/vc_column][\/vc_row]<\/p>\n<\/div>","protected":false},"excerpt":{"rendered":"<p>[vc_row full_width=\u00a0\u00bbstretch_row\u00a0\u00bb css=\u00a0\u00bb.vc_custom_1688287563348{padding-top: 200px !important;padding-bottom: 100px !important;background-image: url(https:\/\/kayu-creation.com\/wp-content\/uploads\/2021\/03\/Asset-1-100.jpg?id=3146) !important;background-position: center !important;background-repeat: no-repeat !important;background-size: cover !important;}\u00a0\u00bb][vc_column][vc_column_text] D\u00e9couvrez nos gammes de produits [\/vc_column_text][vc_column_text] D\u00e9couvrez et faites votre choix<span class=\"excerpt-hellip\"> [\u2026]<\/span><\/p>\n","protected":false},"author":1,"featured_media":0,"parent":0,"menu_order":0,"comment_status":"closed","ping_status":"closed","template":"","meta":{"_monsterinsights_skip_tracking":false,"_monsterinsights_sitenote_active":false,"_monsterinsights_sitenote_note":"","_monsterinsights_sitenote_category":0,"footnotes":""},"_links":{"self":[{"href":"https:\/\/kayu-creation.com\/fr\/wp-json\/wp\/v2\/pages\/940"}],"collection":[{"href":"https:\/\/kayu-creation.com\/fr\/wp-json\/wp\/v2\/pages"}],"about":[{"href":"https:\/\/kayu-creation.com\/fr\/wp-json\/wp\/v2\/types\/page"}],"author":[{"embeddable":true,"href":"https:\/\/kayu-creation.com\/fr\/wp-json\/wp\/v2\/users\/1"}],"replies":[{"embeddable":true,"href":"https:\/\/kayu-creation.com\/fr\/wp-json\/wp\/v2\/comments?post=940"}],"version-history":[{"count":6,"href":"https:\/\/kayu-creation.com\/fr\/wp-json\/wp\/v2\/pages\/940\/revisions"}],"predecessor-version":[{"id":5229,"href":"https:\/\/kayu-creation.com\/fr\/wp-json\/wp\/v2\/pages\/940\/revisions\/5229"}],"wp:attachment":[{"href":"https:\/\/kayu-creation.com\/fr\/wp-json\/wp\/v2\/media?parent=940"}],"curies":[{"name":"wp","href":"https:\/\/api.w.org\/{rel}","templated":true}]}}