{"id":5121,"date":"2023-07-14T19:19:51","date_gmt":"2023-07-14T17:19:51","guid":{"rendered":"https:\/\/kayu-creation.com\/?post_type=product&#038;p=5121"},"modified":"2023-07-18T17:07:49","modified_gmt":"2023-07-18T15:07:49","slug":"sitzstein-atv24","status":"publish","type":"product","link":"https:\/\/kayu-creation.com\/de\/kayu-shop\/sitzstein-atv24\/","title":{"rendered":"Sitzstein"},"content":{"rendered":"<p>Ma\u00dfe\u00a0: L 42 cm, H 30 cm, B 33 cm<\/p>\n<p>Gewicht : 4 Kg<br \/>\nRohstoffe: Merinowolle und Seidenf\u00e4den<br \/>\nF\u00fcllung: Dinkelspelz<\/p>\n<p>Unsere Steine sind vielseitig einsetzbar, ob als Sitzm\u00f6glichkeit, als Kissen oder als Dekorationsobjekt, au\u00dferdem sind sie eine wahre optische T\u00e4uschung und jedes St\u00fcck ein Unikat.<\/p>\n<p>Steine am Strand werden durch die Bewegung des Wassers geformt, und die Farben des Ozeanes dienen uns als Quelle unendlicher Inspiration. F\u00fcgen Sie Ihren R\u00e4umlichkeiten einen Farbakzent bei, der hervorragend mit allen nat\u00fcrlichen Materialien harmoniert.<\/p>\n","protected":false},"excerpt":{"rendered":"<p>Ref. ATv 24<\/p>\n","protected":false},"featured_media":5079,"template":"","meta":{"_monsterinsights_skip_tracking":false,"_monsterinsights_sitenote_active":false,"_monsterinsights_sitenote_note":"","_monsterinsights_sitenote_category":0},"product_cat":[121],"product_tag":[],"_links":{"self":[{"href":"https:\/\/kayu-creation.com\/de\/wp-json\/wp\/v2\/product\/5121"}],"collection":[{"href":"https:\/\/kayu-creation.com\/de\/wp-json\/wp\/v2\/product"}],"about":[{"href":"https:\/\/kayu-creation.com\/de\/wp-json\/wp\/v2\/types\/product"}],"wp:featuredmedia":[{"embeddable":true,"href":"https:\/\/kayu-creation.com\/de\/wp-json\/wp\/v2\/media\/5079"}],"wp:attachment":[{"href":"https:\/\/kayu-creation.com\/de\/wp-json\/wp\/v2\/media?parent=5121"}],"wp:term":[{"taxonomy":"product_cat","embeddable":true,"href":"https:\/\/kayu-creation.com\/de\/wp-json\/wp\/v2\/product_cat?post=5121"},{"taxonomy":"product_tag","embeddable":true,"href":"https:\/\/kayu-creation.com\/de\/wp-json\/wp\/v2\/product_tag?post=5121"}],"curies":[{"name":"wp","href":"https:\/\/api.w.org\/{rel}","templated":true}]}}