{"id":4656,"date":"2022-11-17T11:03:19","date_gmt":"2022-11-17T10:03:19","guid":{"rendered":"https:\/\/kayu-creation.com\/?post_type=product&#038;p=4656"},"modified":"2023-07-18T17:35:31","modified_gmt":"2023-07-18T15:35:31","slug":"sitzstein-pgm32","status":"publish","type":"product","link":"https:\/\/kayu-creation.com\/de\/kayu-shop\/sitzstein-pgm32\/","title":{"rendered":"Sitzstein"},"content":{"rendered":"<p>Ma\u00dfe\u00a0: L 60 cm, H 31 cm, B 37 cm<br \/>\nGewicht: 7,5 Kg<br \/>\nRohstoffe: Merinowolle und Seidenf\u00e4den<br \/>\nF\u00fcllung: Dinkelspelz<\/p>\n<p>Unsere Steine sind vielseitig einsetzbar, ob als Sitzm\u00f6glichkeit, als Kissen oder als Dekorationsobjekt, au\u00dferdem sind sie eine wahre optische T\u00e4uschung und jedes St\u00fcck ein Unikat.<\/p>\n<p>Die Kollektion \u201aPierre\u2018 harmonisiert dank des mineralischen Effekts mit jedem Einrichtungsstil und bereichert jede R\u00e4umlichkeit.<\/p>\n<p>Wir nutzen eine breite Palette an grau melierten T\u00f6nen, die die Maserungen aus Seide hervorbringen. Nach Wunsch, k\u00f6nnen sie auch kumuliert werden, f\u00fcr einen noch spektakul\u00e4reren Effekt.<\/p>\n","protected":false},"excerpt":{"rendered":"<p>Ref. Pgm32<\/p>\n","protected":false},"featured_media":4663,"template":"","meta":{"_monsterinsights_skip_tracking":false,"_monsterinsights_sitenote_active":false,"_monsterinsights_sitenote_note":"","_monsterinsights_sitenote_category":0},"product_cat":[117],"product_tag":[],"_links":{"self":[{"href":"https:\/\/kayu-creation.com\/de\/wp-json\/wp\/v2\/product\/4656"}],"collection":[{"href":"https:\/\/kayu-creation.com\/de\/wp-json\/wp\/v2\/product"}],"about":[{"href":"https:\/\/kayu-creation.com\/de\/wp-json\/wp\/v2\/types\/product"}],"wp:featuredmedia":[{"embeddable":true,"href":"https:\/\/kayu-creation.com\/de\/wp-json\/wp\/v2\/media\/4663"}],"wp:attachment":[{"href":"https:\/\/kayu-creation.com\/de\/wp-json\/wp\/v2\/media?parent=4656"}],"wp:term":[{"taxonomy":"product_cat","embeddable":true,"href":"https:\/\/kayu-creation.com\/de\/wp-json\/wp\/v2\/product_cat?post=4656"},{"taxonomy":"product_tag","embeddable":true,"href":"https:\/\/kayu-creation.com\/de\/wp-json\/wp\/v2\/product_tag?post=4656"}],"curies":[{"name":"wp","href":"https:\/\/api.w.org\/{rel}","templated":true}]}}