{"id":4389,"date":"2022-09-29T17:42:16","date_gmt":"2022-09-29T15:42:17","guid":{"rendered":"https:\/\/kayu-creation.com\/?post_type=product&#038;p=4389"},"modified":"2023-07-18T17:38:42","modified_gmt":"2023-07-18T15:38:42","slug":"sitzstein-arant41","status":"publish","type":"product","link":"https:\/\/kayu-creation.com\/de\/kayu-shop\/sitzstein-arant41\/","title":{"rendered":"Sitzstein"},"content":{"rendered":"<p>Ma\u00dfe\u00a0: L 52cm, H 39 cm, B 50 cm<br \/>\nGewicht: 11 Kg<br \/>\nRohstoffe: Merinowolle und Seidenf\u00e4den<br \/>\nF\u00fcllung: Dinkelspelz<\/p>\n<p>Unsere Steine sind vielseitig einsetzbar, ob als Sitzm\u00f6glichkeit, als Kissen oder als Dekorationsobjekt, au\u00dferdem sind sie eine wahre optische T\u00e4uschung und jedes St\u00fcck ein Unikat.<\/p>\n<p>In der Kollektion \u201aSchiefer\u2018 bieten wir Ihnen eine unbearbeitete Optik, in einfarbigen schwarzen oder grauen T\u00f6nen, die durch die Maserungen zur Geltung gebracht werden.<\/p>\n","protected":false},"excerpt":{"rendered":"<p>Ref. ARant 41<\/p>\n","protected":false},"featured_media":5037,"template":"","meta":{"_monsterinsights_skip_tracking":false,"_monsterinsights_sitenote_active":false,"_monsterinsights_sitenote_note":"","_monsterinsights_sitenote_category":0},"product_cat":[122],"product_tag":[],"_links":{"self":[{"href":"https:\/\/kayu-creation.com\/de\/wp-json\/wp\/v2\/product\/4389"}],"collection":[{"href":"https:\/\/kayu-creation.com\/de\/wp-json\/wp\/v2\/product"}],"about":[{"href":"https:\/\/kayu-creation.com\/de\/wp-json\/wp\/v2\/types\/product"}],"wp:featuredmedia":[{"embeddable":true,"href":"https:\/\/kayu-creation.com\/de\/wp-json\/wp\/v2\/media\/5037"}],"wp:attachment":[{"href":"https:\/\/kayu-creation.com\/de\/wp-json\/wp\/v2\/media?parent=4389"}],"wp:term":[{"taxonomy":"product_cat","embeddable":true,"href":"https:\/\/kayu-creation.com\/de\/wp-json\/wp\/v2\/product_cat?post=4389"},{"taxonomy":"product_tag","embeddable":true,"href":"https:\/\/kayu-creation.com\/de\/wp-json\/wp\/v2\/product_tag?post=4389"}],"curies":[{"name":"wp","href":"https:\/\/api.w.org\/{rel}","templated":true}]}}