{"id":3556,"date":"2021-04-12T16:20:11","date_gmt":"2021-04-27T08:53:33","guid":{"rendered":"https:\/\/kayu-creation.com\/kayu-shop\/gefilzte-sitzsteine-kollektion-achat\/"},"modified":"2023-07-18T16:57:23","modified_gmt":"2023-07-18T14:57:23","slug":"sitzsteine-agbl21","status":"publish","type":"product","link":"https:\/\/kayu-creation.com\/de\/kayu-shop\/sitzsteine-agbl21\/","title":{"rendered":"Sitzstein"},"content":{"rendered":"<p style=\"text-align: left;\">Ma\u00dfe: L 41 cm, H 28 cm, B 4635 cm<br \/>\nGewicht: 4,5 Kg<br \/>\nRohstoffe: Merinowolle und Seidenf\u00e4den<br \/>\nF\u00fcllung: Dinkelspelz<\/p>\n<p style=\"text-align: left;\">Unsere Steine sind vielseitig einsetzbar, ob als Sitzm\u00f6glichkeit, als Kissen oder als Dekorationsobjekt, au\u00dferdem sind sie eine wahre optische T\u00e4uschung und jedes St\u00fcck ein Unikat.<\/p>\n<p style=\"text-align: left;\">F\u00fcr unsere Kollektion \u201aAchat\u2018 arbeiten wir mit warmen T\u00f6nen, wie Beige, Braun oder Taupe, die uns an den Strand und den Sand erinnern.<\/p>\n<p style=\"text-align: left;\">Wir empfehlen allen Liebhabern der schlichten Einrichtung das Kombinieren dieser nat\u00fcrlichen Farben.<\/p>\n<p style=\"text-align: left;\">Unsere Steine der Kollektion \u201aAchat\u2018 lassen sich wunderbar mit allen Holzb\u00f6den, nat\u00fcrlichen und unbearbeiteten Materialen harmonisieren.<\/p>\n","protected":false},"excerpt":{"rendered":"<p>Ref. AGbl 21<\/p>\n","protected":false},"featured_media":5150,"template":"","meta":{"_monsterinsights_skip_tracking":false,"_monsterinsights_sitenote_active":false,"_monsterinsights_sitenote_note":"","_monsterinsights_sitenote_category":0},"product_cat":[118],"product_tag":[],"_links":{"self":[{"href":"https:\/\/kayu-creation.com\/de\/wp-json\/wp\/v2\/product\/3556"}],"collection":[{"href":"https:\/\/kayu-creation.com\/de\/wp-json\/wp\/v2\/product"}],"about":[{"href":"https:\/\/kayu-creation.com\/de\/wp-json\/wp\/v2\/types\/product"}],"wp:featuredmedia":[{"embeddable":true,"href":"https:\/\/kayu-creation.com\/de\/wp-json\/wp\/v2\/media\/5150"}],"wp:attachment":[{"href":"https:\/\/kayu-creation.com\/de\/wp-json\/wp\/v2\/media?parent=3556"}],"wp:term":[{"taxonomy":"product_cat","embeddable":true,"href":"https:\/\/kayu-creation.com\/de\/wp-json\/wp\/v2\/product_cat?post=3556"},{"taxonomy":"product_tag","embeddable":true,"href":"https:\/\/kayu-creation.com\/de\/wp-json\/wp\/v2\/product_tag?post=3556"}],"curies":[{"name":"wp","href":"https:\/\/api.w.org\/{rel}","templated":true}]}}